{"id":3,"date":"2019-10-11T16:24:25","date_gmt":"2019-10-11T14:24:25","guid":{"rendered":"http:\/\/formative-works.ch\/?page_id=3"},"modified":"2020-02-17T11:14:45","modified_gmt":"2020-02-17T10:14:45","slug":"datenschutzerklaerung","status":"publish","type":"page","link":"https:\/\/formative-works.ch\/?page_id=3","title":{"rendered":"Impressum\/Datenschutz"},"content":{"rendered":"\n<h1 class=\"wp-block-heading\">Impressum<\/h1>\n\n\n\n<p>Eigent\u00fcmer und Betreiber dieser Website sowie verantwortlich f\u00fcr ihren Inhalt, Konzeption &amp; Realisierung ist:<\/p>\n\n\n\n<p><strong>sottas formative works<br><\/strong>Dr. Beat Sottas<br>Rue Max von Sachsen 36 <br>CH-1722 Bourguillon  <\/p>\n\n\n\nE-Mail: <a href=\"mailto:sottas@formative-works.ch\">sottas@formative-works.ch<\/a><br>\n\n\n\nWebsite: <a href=\"https:\/\/www.formative-works.ch\">https:\/\/www.formative-works.ch<\/a><br>\n\n\n\n<p><\/p>\n\n\n\n<p>Handelsregister:  CH-217.3.539.676-6<br>UID-Nummer: CHE-114.105.137<br>MWST: CHE-114.105.137<br> <\/p>\n\n\n\n<p><\/p>\n\n\n\n<hr class=\"wp-block-separator is-style-wide\"\/>\n\n\n\n<h1 class=\"wp-block-heading\">Datenschutz<\/h1>\n\n\n\n<p>Personendaten, die Sie bei der Nutzung dieser Website mitteilen, werden von <em>sottas formative works<\/em> gem\u00e4ss Schweizer Datenschutzgesetz (DSG) und gem\u00e4ss anderer gesetzlicher Bestimmungen (insb. EU-DSGVO) bearbeitet. Anfragen in Bezug auf den Datenschutz richten Sie bitte an die unter Impressum angegebenen Kontaktinformationen. <\/p>\n\n\n\n<h2 class=\"wp-block-heading\">Welche personenbezogenen Daten wir sammeln und warum wir sie sammeln<\/h2>\n\n\n\n<h4 class=\"wp-block-heading\"> Kommentare<\/h4>\n\n\n\n<p>Wenn Besucher Kommentare auf der Website schreiben, sammeln wir die Daten, die im Kommentar-Formular angezeigt werden. Ausserdem wird die IP-Adresse des Besuchers und der User-Agent-String (damit wird der Browser identifiziert) registriert, um die Erkennung von Spam zu unterst\u00fctzen.<\/p>\n\n\n\n<p>Aus Ihrer E-Mail-Adresse kann eine anonymisierte Zeichenfolge erstellt (auch Hash genannt) und dem Gravatar-Dienst \u00fcbergeben werden, um zu pr\u00fcfen, ob Sie diesen benutzen. Die Datenschutzerkl\u00e4rung des Gravatar-Dienstes finden Sie hier: https:\/\/automattic.com\/privacy\/. Nachdem Ihr Kommentar freigegeben wurde, ist Ihr Profilbild \u00f6ffentlich im Kontext Ihres Kommentars sichtbar.<\/p>\n\n\n\n<h4 class=\"wp-block-heading\">Medien<\/h4>\n\n\n\n<p>Wenn Sie ein registrierter Benutzer sind und Fotos auf diese Website laden, sollten Sie vermeiden, Fotos mit einem EXIF-GPS-Standort hochzuladen. Besucher dieser Website k\u00f6nnten Fotos, die auf dieser Website gespeichert sind, herunterladen und deren Standort-Informationen extrahieren.<\/p>\n\n\n\n<h4 class=\"wp-block-heading\">Cookies<\/h4>\n\n\n\n<p>Wenn Sie einen Kommentar auf unserer Website schreiben, kann das eine Einwilligung sein, Ihren Namen, E-Mail-Adresse und Website in Cookies zu speichern. Dies ist eine Komfortfunktion, damit Sie nicht, wenn Sie einen weiteren Kommentar schreiben, all diese Daten erneut eingeben m\u00fcssen. Diese Cookies werden ein Jahr lang gespeichert.<\/p>\n\n\n\n<p>Falls Sie ein Konto haben und Sie sich auf dieser Website anmelden, werden wir ein tempor\u00e4res Cookie setzen, um festzustellen, ob Ihr Browser Cookies akzeptiert. Dieses Cookie enth\u00e4lt keine personenbezogenen Daten und wird verworfen, wenn Sie Ihren Browser schliessen.<\/p>\n\n\n\n<p>Wenn Sie sich anmelden, werden wir einige Cookies einrichten, um Ihre Anmeldeinformationen und Anzeigeoptionen zu speichern. Anmelde-Cookies verfallen nach zwei Tagen und Cookies f\u00fcr die Anzeigeoptionen nach einem Jahr. Falls Sie bei der Anmeldung \u201eAngemeldet bleiben\u201c ausw\u00e4hlen, wird Ihre Anmeldung zwei Wochen lang aufrechterhalten. Mit der Abmeldung aus Ihrem Konto werden die Anmelde-Cookies gel\u00f6scht.<\/p>\n\n\n\n<p>Wenn Sie einen Artikel bearbeiten oder ver\u00f6ffentlichen, wird ein zus\u00e4tzliches Cookie in Ihrem Browser gespeichert. Dieses Cookie enth\u00e4lt keine personenbezogenen Daten und verweist nur auf die Beitrags-ID des Artikels, den Sie gerade bearbeitet haben. Das Cookie verf\u00e4llt nach einem Tag.<\/p>\n\n\n\n<h4 class=\"wp-block-heading\">Eingebettete Inhalte von anderen Websites<\/h4>\n\n\n\n<p>Beitr\u00e4ge auf dieser Website k\u00f6nnen eingebettete Inhalte beinhalten (z. B. Videos, Bilder, Beitr\u00e4ge etc.). Eingebettete Inhalte von anderen Websites verhalten sich exakt so, als ob der Besucher die andere Website besucht h\u00e4tte.<\/p>\n\n\n\n<p>Diese Websites k\u00f6nnen Daten \u00fcber Sie sammeln, Cookies benutzen, zus\u00e4tzliche Tracking-Dienste von Dritten einbetten und Ihre Interaktion mit diesem eingebetteten Inhalt aufzeichnen, inklusive Ihrer Interaktion mit dem eingebetteten Inhalt, falls Sie ein Konto haben und auf dieser Website angemeldet sind.<\/p>\n\n\n\n<h4 class=\"wp-block-heading\">Analysedienste<\/h4>\n\n\n\n<p>Wir sammeln keine Analysedaten. Allerdings sammelt unser Webhoster senseLAN GmbH einige anonyme Analysedaten und speichert diese in sogenannten Server-Log Files. Diese sind:<\/p>\n\n\n\n<ul><li>Browsertyp und Browserversion<\/li><li>verwendetes Betriebssystem<\/li><li>Referrer URL<\/li><li>Hostname des zugreifenden Rechners<\/li><li>Uhrzeit der Serveranfrage<\/li><\/ul>\n\n\n\n<p>Diese Daten sind nicht bestimmten Personen zuordenbar. Eine Zusammenf\u00fchrung dieser Daten mit anderen Datenquellen wird nicht vorgenommen. senseLAN GmbH als Webhoster beh\u00e4lt sich vor, diese Daten nachtr\u00e4glich zu pr\u00fcfen, wenn konkrete Anhaltspunkte f\u00fcr eine rechtswidrige Nutzung bekannt werden.<\/p>\n\n\n\n<h2 class=\"wp-block-heading\">Wie lange wir Daten speichern<\/h2>\n\n\n\n<p>Wenn Sie einen Kommentar schreiben, wird dieser inklusive Metadaten zeitlich unbegrenzt gespeichert. Auf diese Art k\u00f6nnen wir Folgekommentare automatisch erkennen und freigeben, anstelle sie in einer Moderations-Warteschlange festzuhalten.<\/p>\n\n\n\n<p>F\u00fcr Benutzer, die sich auf unserer Website registrieren, speichern wir zus\u00e4tzlich die pers\u00f6nlichen Informationen, die sie in ihren Benutzerprofilen angeben. Alle Benutzer k\u00f6nnen jederzeit ihre pers\u00f6nlichen Informationen einsehen, ver\u00e4ndern oder l\u00f6schen (der Benutzername kann nicht ver\u00e4ndert werden). Administratoren der Website k\u00f6nnen diese Informationen ebenfalls einsehen und ver\u00e4ndern.<\/p>\n\n\n\n<h2 class=\"wp-block-heading\">Welche Rechte Sie an Ihren Daten haben<\/h2>\n\n\n\n<p>Wenn Sie ein Konto auf dieser Website besitzen oder Kommentare geschrieben haben, k\u00f6nnen Sie einen Export Ihrer personenbezogenen Daten bei uns anfordern, inklusive aller Daten, die Sie uns mitgeteilt haben. Dar\u00fcber hinaus k\u00f6nnen Sie die L\u00f6schung aller personenbezogenen Daten, die wir von Ihnen gespeichert haben, anfordern. Dies umfasst nicht die Daten, die wir aufgrund administrativer, rechtlicher oder sicherheitsrelevanter Notwendigkeiten aufbewahren m\u00fcssen.<\/p>\n\n\n\n<h2 class=\"wp-block-heading\">Weitere Informationen<\/h2>\n\n\n\n<p>Gemeinsam mit dem Webhoster senseLAN GmbH ergreifen wir angemessene Vorsichtsmassnahmen und setzen entsprechende Sicherheitstechnologien ein, um Ihre Daten zu sch\u00fctzen. Sie werden nur so lange aufbewahrt, wie es im Hinblick auf den Zweck erforderlich ist, in der Regel nicht l\u00e4nger als 6 Monate.<\/p>\n\n\n\n<p>Wir teilen keinerlei personenbezogene Daten mit Dritten und \u00fcbertragen auch keine Daten in L\u00e4nder ausserhalb der Schweiz oder EU. Wir erhalten keine Daten von Drittanbietern und f\u00fchren keine automatisierte Entscheidungsfindung und\/oder Profilerstellung mit Benutzerdaten durch.<\/p>\n","protected":false},"excerpt":{"rendered":"<p>Impressum Eigent\u00fcmer und Betreiber dieser Website sowie verantwortlich f\u00fcr ihren Inhalt, Konzeption &amp; Realisierung ist: sottas formative worksDr. Beat SottasRue Max von Sachsen 36 CH-1722 Bourguillon E-Mail: sottas@formative-works.ch Website: https:\/\/www.formative-works.ch &hellip; <\/p>\n<p class=\"link-more\"><a href=\"https:\/\/formative-works.ch\/?page_id=3\" class=\"more-link\"><span class=\"screen-reader-text\">\u201eImpressum\/Datenschutz\u201c<\/span> weiterlesen<\/a><\/p>\n","protected":false},"author":1,"featured_media":0,"parent":0,"menu_order":0,"comment_status":"closed","ping_status":"closed","template":"","meta":{"footnotes":""},"_links":{"self":[{"href":"https:\/\/formative-works.ch\/index.php?rest_route=\/wp\/v2\/pages\/3"}],"collection":[{"href":"https:\/\/formative-works.ch\/index.php?rest_route=\/wp\/v2\/pages"}],"about":[{"href":"https:\/\/formative-works.ch\/index.php?rest_route=\/wp\/v2\/types\/page"}],"author":[{"embeddable":true,"href":"https:\/\/formative-works.ch\/index.php?rest_route=\/wp\/v2\/users\/1"}],"replies":[{"embeddable":true,"href":"https:\/\/formative-works.ch\/index.php?rest_route=%2Fwp%2Fv2%2Fcomments&post=3"}],"version-history":[{"count":33,"href":"https:\/\/formative-works.ch\/index.php?rest_route=\/wp\/v2\/pages\/3\/revisions"}],"predecessor-version":[{"id":2824,"href":"https:\/\/formative-works.ch\/index.php?rest_route=\/wp\/v2\/pages\/3\/revisions\/2824"}],"wp:attachment":[{"href":"https:\/\/formative-works.ch\/index.php?rest_route=%2Fwp%2Fv2%2Fmedia&parent=3"}],"curies":[{"name":"wp","href":"https:\/\/api.w.org\/{rel}","templated":true}]}}